{"id":8382,"date":"2024-04-30T09:50:36","date_gmt":"2024-04-30T07:50:36","guid":{"rendered":"https:\/\/www.soretol.com\/certification\/"},"modified":"2024-08-21T14:44:40","modified_gmt":"2024-08-21T12:44:40","slug":"certification","status":"publish","type":"page","link":"https:\/\/www.soretol.com\/en\/certification\/","title":{"rendered":"Certification"},"content":{"rendered":"\t\t<div data-elementor-type=\"wp-post\" data-elementor-id=\"8382\" class=\"elementor elementor-8382\">\n\t\t\t\t\t\t<section class=\"elementor-section elementor-top-section elementor-element elementor-element-1ffaa10 elementor-section-full_width elementor-section-height-default elementor-section-height-default\" data-id=\"1ffaa10\" data-element_type=\"section\">\n\t\t\t\t\t\t<div class=\"elementor-container elementor-column-gap-no\">\n\t\t\t\t\t<div class=\"aux-parallax-section elementor-column elementor-col-100 elementor-top-column elementor-element elementor-element-85edbf0\" data-id=\"85edbf0\" data-element_type=\"column\">\n\t\t\t<div class=\"elementor-widget-wrap elementor-element-populated\">\n\t\t\t\t\t\t<div class=\"elementor-element elementor-element-0ca3df2 elementor-widget elementor-widget-heading\" data-id=\"0ca3df2\" data-element_type=\"widget\" data-widget_type=\"heading.default\">\n\t\t\t\t<div class=\"elementor-widget-container\">\n\t\t\t<h2 class=\"elementor-heading-title elementor-size-default\">Expert Certifi\u00e9\n\n\n\n<\/h2>\t\t<\/div>\n\t\t\t\t<\/div>\n\t\t\t\t<div class=\"elementor-element elementor-element-56f7d9b elementor-widget elementor-widget-text-editor\" data-id=\"56f7d9b\" data-element_type=\"widget\" data-widget_type=\"text-editor.default\">\n\t\t\t\t<div class=\"elementor-widget-container\">\n\t\t\t\t\t\t\t<p>Nous sommes fiers d&#8217;annoncer que notre entreprise d\u00e9tient la certification ISO 9001 : 2015 une norme reconnue mondialement pour la gestion de la qualit\u00e9. Cette certification atteste de notre engagement envers l&#8217;excellence op\u00e9rationnelle, la satisfaction client et l&#8217;am\u00e9lioration continue de nos processus. D\u00e9couvrez comment notre certification ISO 9001 renforce notre engagement envers la qualit\u00e9 et notre capacit\u00e9 \u00e0 r\u00e9pondre aux besoins de nos clients de mani\u00e8re efficace et coh\u00e9rente.<\/p>\t\t\t\t\t\t<\/div>\n\t\t\t\t<\/div>\n\t\t\t\t\t<\/div>\n\t\t<\/div>\n\t\t\t\t\t<\/div>\n\t\t<\/section>\n\t\t\t\t<section class=\"elementor-section elementor-top-section elementor-element elementor-element-a76d81f elementor-section-full_width elementor-section-height-default elementor-section-height-default\" data-id=\"a76d81f\" data-element_type=\"section\">\n\t\t\t\t\t\t<div class=\"elementor-container elementor-column-gap-no\">\n\t\t\t\t\t<div class=\"aux-parallax-section elementor-column elementor-col-100 elementor-top-column elementor-element elementor-element-6053ea2\" data-id=\"6053ea2\" data-element_type=\"column\">\n\t\t\t<div class=\"elementor-widget-wrap elementor-element-populated\">\n\t\t\t\t\t\t<div class=\"elementor-element elementor-element-4197c70 elementor-widget elementor-widget-text-editor\" data-id=\"4197c70\" data-element_type=\"widget\" data-widget_type=\"text-editor.default\">\n\t\t\t\t<div class=\"elementor-widget-container\">\n\t\t\t\t\t\t\t<embed src=\"https:\/\/www.soretol.com\/wp-content\/uploads\/2024\/04\/certificat-iso.pdf\" width=\"800\" height=\"700\"><\/embed>\t\t\t\t\t\t<\/div>\n\t\t\t\t<\/div>\n\t\t\t\t\t<\/div>\n\t\t<\/div>\n\t\t\t\t\t<\/div>\n\t\t<\/section>\n\t\t\t\t<section class=\"elementor-section elementor-top-section elementor-element elementor-element-062ba66 elementor-section-full_width elementor-section-height-default elementor-section-height-default\" data-id=\"062ba66\" data-element_type=\"section\">\n\t\t\t\t\t\t<div class=\"elementor-container elementor-column-gap-no\">\n\t\t\t\t\t<div class=\"aux-parallax-section elementor-column elementor-col-100 elementor-top-column elementor-element elementor-element-b53404a\" data-id=\"b53404a\" data-element_type=\"column\">\n\t\t\t<div class=\"elementor-widget-wrap elementor-element-populated\">\n\t\t\t\t\t\t<div class=\"elementor-element elementor-element-00cb476 elementor-widget elementor-widget-text-editor\" data-id=\"00cb476\" data-element_type=\"widget\" data-widget_type=\"text-editor.default\">\n\t\t\t\t<div class=\"elementor-widget-container\">\n\t\t\t\t\t\t\t<embed src=\"https:\/\/www.soretol.com\/wp-content\/uploads\/2024\/05\/soretol-pdf.pdf\" width=\"800\" height=\"700\"><\/embed>\t\t\t\t\t\t<\/div>\n\t\t\t\t<\/div>\n\t\t\t\t\t<\/div>\n\t\t<\/div>\n\t\t\t\t\t<\/div>\n\t\t<\/section>\n\t\t\t\t<\/div>\n\t\t","protected":false},"excerpt":{"rendered":"<p>Expert Certifi\u00e9 Nous sommes fiers d&#8217;annoncer que notre entreprise d\u00e9tient la certification ISO 9001 : 2015 une norme reconnue mondialement pour la gestion de la qualit\u00e9. Cette certification atteste de notre engagement envers l&#8217;excellence op\u00e9rationnelle, la satisfaction client et l&#8217;am\u00e9lioration continue de nos processus. D\u00e9couvrez comment notre certification ISO 9001 renforce notre engagement envers la [&hellip;]<\/p>\n","protected":false},"author":1,"featured_media":0,"parent":0,"menu_order":0,"comment_status":"closed","ping_status":"closed","template":"","meta":{"content-type":"","footnotes":""},"class_list":["post-8382","page","type-page","status-publish","hentry"],"yoast_head":"<!-- This site is optimized with the Yoast SEO plugin v23.3 - https:\/\/yoast.com\/wordpress\/plugins\/seo\/ -->\n<title>SORETOL Tunisia | ISO 9001 certified in the metallurgy sector<\/title>\n<meta name=\"description\" content=\"SORETOL is ISO 9001:2015 certified, guaranteeing high standards of quality, customer satisfaction and continuous improvement in the metallurgy sector.\" \/>\n<meta name=\"robots\" content=\"index, follow, max-snippet:-1, max-image-preview:large, max-video-preview:-1\" \/>\n<link rel=\"canonical\" href=\"https:\/\/www.soretol.com\/en\/certification\/\" \/>\n<meta property=\"og:locale\" content=\"en_US\" \/>\n<meta property=\"og:type\" content=\"article\" \/>\n<meta property=\"og:title\" content=\"SORETOL Tunisia | ISO 9001 certified in the metallurgy sector\" \/>\n<meta property=\"og:description\" content=\"SORETOL is ISO 9001:2015 certified, guaranteeing high standards of quality, customer satisfaction and continuous improvement in the metallurgy sector.\" \/>\n<meta property=\"og:url\" content=\"https:\/\/www.soretol.com\/en\/certification\/\" \/>\n<meta property=\"og:site_name\" content=\"SORETOL\" \/>\n<meta property=\"article:modified_time\" content=\"2024-08-21T12:44:40+00:00\" \/>\n<meta name=\"twitter:card\" content=\"summary_large_image\" \/>\n<meta name=\"twitter:label1\" content=\"Est. reading time\" \/>\n\t<meta name=\"twitter:data1\" content=\"1 minute\" \/>\n<script type=\"application\/ld+json\" class=\"yoast-schema-graph\">{\"@context\":\"https:\/\/schema.org\",\"@graph\":[{\"@type\":\"WebPage\",\"@id\":\"https:\/\/www.soretol.com\/en\/certification\/\",\"url\":\"https:\/\/www.soretol.com\/en\/certification\/\",\"name\":\"SORETOL Tunisia | ISO 9001 certified in the metallurgy sector\",\"isPartOf\":{\"@id\":\"https:\/\/www.soretol.com\/#website\"},\"datePublished\":\"2024-04-30T07:50:36+00:00\",\"dateModified\":\"2024-08-21T12:44:40+00:00\",\"description\":\"SORETOL is ISO 9001:2015 certified, guaranteeing high standards of quality, customer satisfaction and continuous improvement in the metallurgy sector.\",\"breadcrumb\":{\"@id\":\"https:\/\/www.soretol.com\/en\/certification\/#breadcrumb\"},\"inLanguage\":\"en-US\",\"potentialAction\":[{\"@type\":\"ReadAction\",\"target\":[\"https:\/\/www.soretol.com\/en\/certification\/\"]}]},{\"@type\":\"BreadcrumbList\",\"@id\":\"https:\/\/www.soretol.com\/en\/certification\/#breadcrumb\",\"itemListElement\":[{\"@type\":\"ListItem\",\"position\":1,\"name\":\"Home\",\"item\":\"https:\/\/www.soretol.com\/en\/\"},{\"@type\":\"ListItem\",\"position\":2,\"name\":\"Certification\"}]},{\"@type\":\"WebSite\",\"@id\":\"https:\/\/www.soretol.com\/#website\",\"url\":\"https:\/\/www.soretol.com\/\",\"name\":\"SORETOL\",\"description\":\"Solutions M\u00e9tallurgiques en Tunisie\",\"publisher\":{\"@id\":\"https:\/\/www.soretol.com\/#organization\"},\"potentialAction\":[{\"@type\":\"SearchAction\",\"target\":{\"@type\":\"EntryPoint\",\"urlTemplate\":\"https:\/\/www.soretol.com\/?s={search_term_string}\"},\"query-input\":\"required name=search_term_string\"}],\"inLanguage\":\"en-US\"},{\"@type\":\"Organization\",\"@id\":\"https:\/\/www.soretol.com\/#organization\",\"name\":\"SORETOL\",\"url\":\"https:\/\/www.soretol.com\/\",\"logo\":{\"@type\":\"ImageObject\",\"inLanguage\":\"en-US\",\"@id\":\"https:\/\/www.soretol.com\/#\/schema\/logo\/image\/\",\"url\":\"https:\/\/www.soretol.com\/wp-content\/uploads\/2019\/01\/cropped-logo-1.png\",\"contentUrl\":\"https:\/\/www.soretol.com\/wp-content\/uploads\/2019\/01\/cropped-logo-1.png\",\"width\":169,\"height\":53,\"caption\":\"SORETOL\"},\"image\":{\"@id\":\"https:\/\/www.soretol.com\/#\/schema\/logo\/image\/\"}}]}<\/script>\n<!-- \/ Yoast SEO plugin. -->","yoast_head_json":{"title":"SORETOL Tunisia | ISO 9001 certified in the metallurgy sector","description":"SORETOL is ISO 9001:2015 certified, guaranteeing high standards of quality, customer satisfaction and continuous improvement in the metallurgy sector.","robots":{"index":"index","follow":"follow","max-snippet":"max-snippet:-1","max-image-preview":"max-image-preview:large","max-video-preview":"max-video-preview:-1"},"canonical":"https:\/\/www.soretol.com\/en\/certification\/","og_locale":"en_US","og_type":"article","og_title":"SORETOL Tunisia | ISO 9001 certified in the metallurgy sector","og_description":"SORETOL is ISO 9001:2015 certified, guaranteeing high standards of quality, customer satisfaction and continuous improvement in the metallurgy sector.","og_url":"https:\/\/www.soretol.com\/en\/certification\/","og_site_name":"SORETOL","article_modified_time":"2024-08-21T12:44:40+00:00","twitter_card":"summary_large_image","twitter_misc":{"Est. reading time":"1 minute"},"schema":{"@context":"https:\/\/schema.org","@graph":[{"@type":"WebPage","@id":"https:\/\/www.soretol.com\/en\/certification\/","url":"https:\/\/www.soretol.com\/en\/certification\/","name":"SORETOL Tunisia | ISO 9001 certified in the metallurgy sector","isPartOf":{"@id":"https:\/\/www.soretol.com\/#website"},"datePublished":"2024-04-30T07:50:36+00:00","dateModified":"2024-08-21T12:44:40+00:00","description":"SORETOL is ISO 9001:2015 certified, guaranteeing high standards of quality, customer satisfaction and continuous improvement in the metallurgy sector.","breadcrumb":{"@id":"https:\/\/www.soretol.com\/en\/certification\/#breadcrumb"},"inLanguage":"en-US","potentialAction":[{"@type":"ReadAction","target":["https:\/\/www.soretol.com\/en\/certification\/"]}]},{"@type":"BreadcrumbList","@id":"https:\/\/www.soretol.com\/en\/certification\/#breadcrumb","itemListElement":[{"@type":"ListItem","position":1,"name":"Home","item":"https:\/\/www.soretol.com\/en\/"},{"@type":"ListItem","position":2,"name":"Certification"}]},{"@type":"WebSite","@id":"https:\/\/www.soretol.com\/#website","url":"https:\/\/www.soretol.com\/","name":"SORETOL","description":"Solutions M\u00e9tallurgiques en Tunisie","publisher":{"@id":"https:\/\/www.soretol.com\/#organization"},"potentialAction":[{"@type":"SearchAction","target":{"@type":"EntryPoint","urlTemplate":"https:\/\/www.soretol.com\/?s={search_term_string}"},"query-input":"required name=search_term_string"}],"inLanguage":"en-US"},{"@type":"Organization","@id":"https:\/\/www.soretol.com\/#organization","name":"SORETOL","url":"https:\/\/www.soretol.com\/","logo":{"@type":"ImageObject","inLanguage":"en-US","@id":"https:\/\/www.soretol.com\/#\/schema\/logo\/image\/","url":"https:\/\/www.soretol.com\/wp-content\/uploads\/2019\/01\/cropped-logo-1.png","contentUrl":"https:\/\/www.soretol.com\/wp-content\/uploads\/2019\/01\/cropped-logo-1.png","width":169,"height":53,"caption":"SORETOL"},"image":{"@id":"https:\/\/www.soretol.com\/#\/schema\/logo\/image\/"}}]}},"_links":{"self":[{"href":"https:\/\/www.soretol.com\/en\/wp-json\/wp\/v2\/pages\/8382","targetHints":{"allow":["GET"]}}],"collection":[{"href":"https:\/\/www.soretol.com\/en\/wp-json\/wp\/v2\/pages"}],"about":[{"href":"https:\/\/www.soretol.com\/en\/wp-json\/wp\/v2\/types\/page"}],"author":[{"embeddable":true,"href":"https:\/\/www.soretol.com\/en\/wp-json\/wp\/v2\/users\/1"}],"replies":[{"embeddable":true,"href":"https:\/\/www.soretol.com\/en\/wp-json\/wp\/v2\/comments?post=8382"}],"version-history":[{"count":11,"href":"https:\/\/www.soretol.com\/en\/wp-json\/wp\/v2\/pages\/8382\/revisions"}],"predecessor-version":[{"id":9207,"href":"https:\/\/www.soretol.com\/en\/wp-json\/wp\/v2\/pages\/8382\/revisions\/9207"}],"wp:attachment":[{"href":"https:\/\/www.soretol.com\/en\/wp-json\/wp\/v2\/media?parent=8382"}],"curies":[{"name":"wp","href":"https:\/\/api.w.org\/{rel}","templated":true}]}}